{"id":1251,"date":"2025-10-14T13:41:09","date_gmt":"2025-10-14T11:41:09","guid":{"rendered":"https:\/\/almiramar.com\/blog\/"},"modified":"2025-11-10T17:49:36","modified_gmt":"2025-11-10T16:49:36","slug":"blog","status":"publish","type":"page","link":"https:\/\/almiramar.com\/ca\/blog\/","title":{"rendered":"Blog"},"content":{"rendered":"<p>[et_pb_section fb_built=&#8221;1&#8243; admin_label=&#8221;Project&#8221; _builder_version=&#8221;4.27.4&#8243; _module_preset=&#8221;default&#8221; background_color=&#8221;rgba(0,255,41,0.1)&#8221; background_position=&#8221;bottom_right&#8221; background_blend=&#8221;darken&#8221; custom_padding=&#8221;30px||30px||true|false&#8221; hover_enabled=&#8221;0&#8243; background_last_edited=&#8221;on|tablet&#8221; parallax_tablet=&#8221;off&#8221; background_size_tablet=&#8221;contain&#8221; locked=&#8221;off&#8221; collapsed=&#8221;on&#8221; global_colors_info=&#8221;{}&#8221; background_enable_image=&#8221;off&#8221; sticky_enabled=&#8221;0&#8243;][et_pb_row _builder_version=&#8221;4.27.4&#8243; _module_preset=&#8221;default&#8221; width=&#8221;90%&#8221; max_width=&#8221;2560px&#8221; hover_enabled=&#8221;0&#8243; locked=&#8221;off&#8221; global_colors_info=&#8221;{}&#8221; title_text=&#8221;augmented-reality-illustration-03@2x&#8221; background_enable_image=&#8221;off&#8221; sticky_enabled=&#8221;0&#8243;][et_pb_column type=&#8221;4_4&#8243; _builder_version=&#8221;4.27.4&#8243; _module_preset=&#8221;default&#8221; background_color=&#8221;#f5f5f5&#8243; custom_padding=&#8221;30px|50px|30px|50px|true|true&#8221; hover_enabled=&#8221;0&#8243; global_colors_info=&#8221;{}&#8221; sticky_enabled=&#8221;0&#8243; title_text=&#8221;augmented-reality-illustration-03@2x&#8221; background_enable_image=&#8221;off&#8221;][et_pb_text _builder_version=&#8221;4.27.4&#8243; _module_preset=&#8221;_initial&#8221; header_2_font_size=&#8221;5vh&#8221; custom_margin=&#8221;|5%|||false|false&#8221; header_2_font_size_tablet=&#8221;&#8221; header_2_font_size_phone=&#8221;4vh&#8221; header_2_font_size_last_edited=&#8221;on|phone&#8221; text_orientation_tablet=&#8221;left&#8221; text_orientation_phone=&#8221;left&#8221; text_orientation_last_edited=&#8221;on|tablet&#8221; locked=&#8221;off&#8221; global_colors_info=&#8221;{}&#8221;]<\/p>\n<p data-start=\"245\" data-end=\"297\">Transport refrigerat: claus i millors pr\u00e0ctiques<\/p>\n<h1 data-start=\"301\" data-end=\"349\"><b style=\"font-family: eurostile-extended, sans-serif; font-size: 40px;\">Log\u00edstica pr\u00e0ctica: consells, rutes i fred<\/b><\/h1>\n<p>[\/et_pb_text][et_pb_text _builder_version=&#8221;4.27.4&#8243; _module_preset=&#8221;_initial&#8221; header_2_font=&#8221;&#8211;et_global_body_font|700|||||||&#8221; header_2_text_color=&#8221;#00FF29&#8243; header_2_font_size=&#8221;1.2em&#8221; global_colors_info=&#8221;{}&#8221;]<\/p>\n<p data-start=\"197\" data-end=\"459\">En aquest espai trobareu articles pr\u00e0ctics sobre log\u00edstica, transport refrigerat i emmagatzematge. El nostre objectiu \u00e9s ajudar-vos a planificar millor els vostres enviaments i decisions log\u00edstiques, amb consells clars i casos reals.<\/p>\n<p>&nbsp;<\/p>\n<p>[\/et_pb_text][\/et_pb_column][\/et_pb_row][\/et_pb_section][et_pb_section fb_built=&#8221;1&#8243; admin_label=&#8221;Project&#8221; _builder_version=&#8221;4.27.4&#8243; _module_preset=&#8221;default&#8221; background_color=&#8221;#F8F8F8&#8243; use_background_color_gradient=&#8221;on&#8221; background_color_gradient_stops=&#8221;#ffffff 0%|rgba(255,255,255,0) 50%|#ffffff 99%&#8221; background_color_gradient_overlays_image=&#8221;on&#8221; background_image=&#8221;https:\/\/almiramar.com\/wp-content\/uploads\/augmented-reality-illustration-test.png&#8221; parallax=&#8221;on&#8221; background_last_edited=&#8221;on|tablet&#8221; parallax_tablet=&#8221;off&#8221; background_size_tablet=&#8221;contain&#8221; locked=&#8221;off&#8221; collapsed=&#8221;on&#8221; global_colors_info=&#8221;{}&#8221;][et_pb_row _builder_version=&#8221;4.27.4&#8243; _module_preset=&#8221;default&#8221; width=&#8221;90%&#8221; max_width=&#8221;2560px&#8221; locked=&#8221;off&#8221; global_colors_info=&#8221;{}&#8221;][et_pb_column type=&#8221;4_4&#8243; disabled_on=&#8221;on|on|off&#8221; _builder_version=&#8221;4.27.4&#8243; _module_preset=&#8221;default&#8221; global_colors_info=&#8221;{}&#8221;][et_pb_blog fullwidth=&#8221;off&#8221; posts_number=&#8221;12&#8243; show_author=&#8221;off&#8221; show_date=&#8221;off&#8221; show_categories=&#8221;off&#8221; _builder_version=&#8221;4.27.4&#8243; _module_preset=&#8221;default&#8221; global_colors_info=&#8221;{}&#8221;][\/et_pb_blog][\/et_pb_column][\/et_pb_row][\/et_pb_section]<\/p>\n","protected":false},"excerpt":{"rendered":"<p>Transport refrigerat: claus i millors pr\u00e0ctiques Log\u00edstica pr\u00e0ctica: consells, rutes i fredEn aquest espai trobareu articles pr\u00e0ctics sobre log\u00edstica, transport refrigerat i emmagatzematge. El nostre objectiu \u00e9s ajudar-vos a planificar millor els vostres enviaments i decisions log\u00edstiques, amb consells clars i casos reals. &nbsp;<\/p>\n","protected":false},"author":2,"featured_media":0,"parent":0,"menu_order":0,"comment_status":"closed","ping_status":"closed","template":"","meta":{"_et_pb_use_builder":"on","_et_pb_old_content":"","_et_gb_content_width":"","footnotes":""},"class_list":["post-1251","page","type-page","status-publish","hentry"],"_links":{"self":[{"href":"https:\/\/almiramar.com\/ca\/wp-json\/wp\/v2\/pages\/1251","targetHints":{"allow":["GET"]}}],"collection":[{"href":"https:\/\/almiramar.com\/ca\/wp-json\/wp\/v2\/pages"}],"about":[{"href":"https:\/\/almiramar.com\/ca\/wp-json\/wp\/v2\/types\/page"}],"author":[{"embeddable":true,"href":"https:\/\/almiramar.com\/ca\/wp-json\/wp\/v2\/users\/2"}],"replies":[{"embeddable":true,"href":"https:\/\/almiramar.com\/ca\/wp-json\/wp\/v2\/comments?post=1251"}],"version-history":[{"count":2,"href":"https:\/\/almiramar.com\/ca\/wp-json\/wp\/v2\/pages\/1251\/revisions"}],"predecessor-version":[{"id":1258,"href":"https:\/\/almiramar.com\/ca\/wp-json\/wp\/v2\/pages\/1251\/revisions\/1258"}],"wp:attachment":[{"href":"https:\/\/almiramar.com\/ca\/wp-json\/wp\/v2\/media?parent=1251"}],"curies":[{"name":"wp","href":"https:\/\/api.w.org\/{rel}","templated":true}]}}